{"id":2464,"date":"2020-12-16T20:26:53","date_gmt":"2020-12-16T19:26:53","guid":{"rendered":"https:\/\/terra-panonica.hr\/?page_id=2464"},"modified":"2021-01-24T21:03:42","modified_gmt":"2021-01-24T20:03:42","slug":"homepage","status":"publish","type":"page","link":"https:\/\/terra-panonica.hr\/en\/","title":{"rendered":"Homepage"},"content":{"rendered":"\t\t<div data-elementor-type=\"wp-page\" data-elementor-id=\"2464\" class=\"elementor elementor-2464 elementor-158\">\n\t\t\t\t\t\t<div class=\"elementor-inner\">\n\t\t\t\t<div class=\"elementor-section-wrap\">\n\t\t\t\t\t\t\t\t\t<section class=\"elementor-section elementor-top-section elementor-element elementor-element-24a63b1 elementor-section-stretched elementor-section-boxed elementor-section-height-default elementor-section-height-default\" data-id=\"24a63b1\" data-element_type=\"section\" data-settings=\"{&quot;stretch_section&quot;:&quot;section-stretched&quot;}\">\n\t\t\t\t\t\t<div class=\"elementor-container elementor-column-gap-no\">\n\t\t\t\t\t\t\t<div class=\"elementor-row\">\n\t\t\t\t\t<div class=\"elementor-column elementor-col-100 elementor-top-column elementor-element elementor-element-218680bd\" data-id=\"218680bd\" data-element_type=\"column\">\n\t\t\t<div class=\"elementor-column-wrap elementor-element-populated\">\n\t\t\t\t\t\t\t<div class=\"elementor-widget-wrap\">\n\t\t\t\t\t\t<section class=\"elementor-section elementor-inner-section elementor-element elementor-element-4e15137b elementor-section-boxed elementor-section-height-default elementor-section-height-default\" data-id=\"4e15137b\" data-element_type=\"section\">\n\t\t\t\t\t\t<div class=\"elementor-container elementor-column-gap-no\">\n\t\t\t\t\t\t\t<div class=\"elementor-row\">\n\t\t\t\t\t<div class=\"elementor-column elementor-col-50 elementor-inner-column elementor-element elementor-element-4b169afa\" data-id=\"4b169afa\" data-element_type=\"column\">\n\t\t\t<div class=\"elementor-column-wrap elementor-element-populated\">\n\t\t\t\t\t\t\t<div class=\"elementor-widget-wrap\">\n\t\t\t\t\t\t<div class=\"elementor-element elementor-element-1c5ae09 gyan-title-st-line-after elementor-widget elementor-widget-gyan_title\" data-id=\"1c5ae09\" data-element_type=\"widget\" data-widget_type=\"gyan_title.default\">\n\t\t\t\t<div class=\"elementor-widget-container\">\n\t\t\t\t\t<div class=\"gyan-title\">\n\t\t\t<div class=\"gyan-title-subtitle\"><span>Latest<\/span><\/div><h2 class=\"gyan-title-heading\">News & Events<\/h2>\t\t<\/div>\n\t\t\t\t<\/div>\n\t\t\t\t<\/div>\n\t\t\t\t\t\t<\/div>\n\t\t\t\t\t<\/div>\n\t\t<\/div>\n\t\t\t\t<div class=\"elementor-column elementor-col-50 elementor-inner-column elementor-element elementor-element-306330cc\" data-id=\"306330cc\" data-element_type=\"column\">\n\t\t\t<div class=\"elementor-column-wrap elementor-element-populated\">\n\t\t\t\t\t\t\t<div class=\"elementor-widget-wrap\">\n\t\t\t\t\t\t<div class=\"elementor-element elementor-element-172280be elementor-widget elementor-widget-text-editor\" data-id=\"172280be\" data-element_type=\"widget\" data-widget_type=\"text-editor.default\">\n\t\t\t\t<div class=\"elementor-widget-container\">\n\t\t\t\t\t\t\t\t<div class=\"elementor-text-editor elementor-clearfix\">\n\t\t\t\t\t\t\t\t\t<\/div>\n\t\t\t\t\t\t<\/div>\n\t\t\t\t<\/div>\n\t\t\t\t\t\t<\/div>\n\t\t\t\t\t<\/div>\n\t\t<\/div>\n\t\t\t\t\t\t\t\t<\/div>\n\t\t\t\t\t<\/div>\n\t\t<\/section>\n\t\t\t\t<div class=\"elementor-element elementor-element-59e48190 elementor-grid-2 elementor-grid-tablet-2 elementor-grid-mobile-1 elementor-widget elementor-widget-gyan_post_grid\" data-id=\"59e48190\" data-element_type=\"widget\" data-settings=\"{&quot;columns&quot;:&quot;2&quot;,&quot;columns_tablet&quot;:&quot;2&quot;,&quot;columns_mobile&quot;:&quot;1&quot;}\" data-widget_type=\"gyan_post_grid.default\">\n\t\t\t\t<div class=\"elementor-widget-container\">\n\t\t\t        <div class=\"gyan-post-grid-container gyan-post-grid-s2 gyan-post-grid-container-59e48190\" data-layout=\"grid\" data-rtl=\"false\">\n\n            \n            <div class=\"gyan-post-grid gyan-elementor-grid\">\n                \n<div class=\"gyan-post-grid-item gyan-grid-item-wrap cat-24\">\n    <div class=\"gyan-post-grid-item-inner gyan-grid-item\">\n\n        <div class=\"gyan-post-grid-item-holder gyan-ease-transition \">\n\n            \n                <div class=\"gyan-post-image\">\n\n                    <span class=\"gyan-post-grid-pf-bg\" style=\"background-image:url(https:\/\/terra-panonica.hr\/wp-content\/uploads\/2023\/01\/IMG-9734-scaled-1.jpg);\"><\/span>\n                    <div class=\"gyan-post-grid-meta gyan-ease-transition\">\n        <ul><li><span class=\"gyan-love \" data-id=\"3371\"><i class=\"fas fa-heart fas-regular\"><\/i><i class=\"fas fa-heart\"><\/i><span class=\"gyan-like-number\">0<\/span><\/span><\/li><li><span class=\"gyan-postmeta-icon\"><i class=\"fas fa-eye\"><\/i><\/span><span class=\"gyan-postmeta-text\">0<\/span><\/li><li><span class=\"gyan-postmeta-icon\"><i class=\"fas fa-comment-dots\"><\/i><\/span><span class=\"gyan-postmeta-text\"><a href=\"https:\/\/terra-panonica.hr\/en\/damir-svibens-long-awaited-book-a-gift-to-pleternica-on-the-occasion-of-the-26th-anniversary-of-the-declaration-of-pleternica-as-a-city\/#respond\">0<\/a><\/span><\/li><\/ul>\n    <\/div>\n    <div class=\"clear\"><\/div>\n                    <div class=\"gyan-post-grid-format\">\n                        <figure>\n                            <a href=\"https:\/\/terra-panonica.hr\/en\/damir-svibens-long-awaited-book-a-gift-to-pleternica-on-the-occasion-of-the-26th-anniversary-of-the-declaration-of-pleternica-as-a-city\/\" class=\"gyan-post-grid-image\"><img src=\"https:\/\/terra-panonica.hr\/wp-content\/uploads\/2023\/01\/IMG-9734-scaled-1.jpg\" alt=\"\" class=\"gyan-ease-transition\" \/><\/a>\n                        <\/figure>\n                        <div class=\"gyan-post-grid-meta gyan-ease-transition\">\n        <ul><li><span class=\"gyan-love \" data-id=\"3371\"><i class=\"fas fa-heart fas-regular\"><\/i><i class=\"fas fa-heart\"><\/i><span class=\"gyan-like-number\">0<\/span><\/span><\/li><li><span class=\"gyan-postmeta-icon\"><i class=\"fas fa-eye\"><\/i><\/span><span class=\"gyan-postmeta-text\">0<\/span><\/li><li><span class=\"gyan-postmeta-icon\"><i class=\"fas fa-comment-dots\"><\/i><\/span><span class=\"gyan-postmeta-text\"><a href=\"https:\/\/terra-panonica.hr\/en\/damir-svibens-long-awaited-book-a-gift-to-pleternica-on-the-occasion-of-the-26th-anniversary-of-the-declaration-of-pleternica-as-a-city\/#respond\">0<\/a><\/span><\/li><\/ul>\n    <\/div>\n    <div class=\"clear\"><\/div>                    <\/div>\n                <\/div>\n\n            \n            <div class=\"gyan-post-content-block gyan-ease-transition\">\n                <div class=\"gyan-post-title-section\">\n\n                        <div class=\"gyan-post-grid-content\">\n\n                            <div class=\"gyan-post-title\">\n                                <h2><a href=\"https:\/\/terra-panonica.hr\/en\/damir-svibens-long-awaited-book-a-gift-to-pleternica-on-the-occasion-of-the-26th-anniversary-of-the-declaration-of-pleternica-as-a-city\/\">Damir Sviben&#8217;s long-awaited book, a gift                                <\/a><\/h2>\n                            <\/div>\n\n                            \n                            \n                                <div class=\"gyan-post-list-excerpt\">\n                                    The beginning of 1997 marked Pleternica with the administrative title of City, it was on January 17, when                                <\/div>\n\n                            \n                            <div class=\"gyan-post-grid-c-button gyan-ease-transition\">\n                                <a href=\"https:\/\/terra-panonica.hr\/en\/damir-svibens-long-awaited-book-a-gift-to-pleternica-on-the-occasion-of-the-26th-anniversary-of-the-declaration-of-pleternica-as-a-city\/\"><span><\/span><\/a>\n                            <\/div>\n\n                                                            <div class=\"gyan-post-grid-date\">\n                                    <span>23. January 2023.<\/span>\n                                <\/div>\n                            \n                            <div class=\"clear\"><\/div>\n\n                        <\/div>\n\n                <\/div>\n                <div class=\"clear\"><\/div>\n            <\/div>\n            <div class=\"clear\"><\/div>\n        <\/div>\n\n    <\/div> <!-- gyan-post-grid-item-inner -->\n<\/div> <!-- gyan-post-grid-item -->\n\n<div class=\"clear\"><\/div>\n<div class=\"gyan-post-grid-item gyan-grid-item-wrap cat-24\">\n    <div class=\"gyan-post-grid-item-inner gyan-grid-item\">\n\n        <div class=\"gyan-post-grid-item-holder gyan-ease-transition \">\n\n            \n                <div class=\"gyan-post-image\">\n\n                    <span class=\"gyan-post-grid-pf-bg\" style=\"background-image:url(https:\/\/terra-panonica.hr\/wp-content\/uploads\/2023\/01\/eyjidwnrzxqioijpbwfnzxmtdgeilcjrzxkioij1cgxvywrzlziwmjmvmdevmjaymzaxmdvfmtuzodqxlmpwzyisimvkaxrzijp7-min.jpg);\"><\/span>\n                    <div class=\"gyan-post-grid-meta gyan-ease-transition\">\n        <ul><li><span class=\"gyan-love \" data-id=\"3359\"><i class=\"fas fa-heart fas-regular\"><\/i><i class=\"fas fa-heart\"><\/i><span class=\"gyan-like-number\">0<\/span><\/span><\/li><li><span class=\"gyan-postmeta-icon\"><i class=\"fas fa-eye\"><\/i><\/span><span class=\"gyan-postmeta-text\">0<\/span><\/li><li><span class=\"gyan-postmeta-icon\"><i class=\"fas fa-comment-dots\"><\/i><\/span><span class=\"gyan-postmeta-text\"><a href=\"https:\/\/terra-panonica.hr\/en\/3359\/#respond\">0<\/a><\/span><\/li><\/ul>\n    <\/div>\n    <div class=\"clear\"><\/div>\n                    <div class=\"gyan-post-grid-format\">\n                        <figure>\n                            <a href=\"https:\/\/terra-panonica.hr\/en\/3359\/\" class=\"gyan-post-grid-image\"><img src=\"https:\/\/terra-panonica.hr\/wp-content\/uploads\/2023\/01\/eyjidwnrzxqioijpbwfnzxmtdgeilcjrzxkioij1cgxvywrzlziwmjmvmdevmjaymzaxmdvfmtuzodqxlmpwzyisimvkaxrzijp7-min.jpg\" alt=\"\" class=\"gyan-ease-transition\" \/><\/a>\n                        <\/figure>\n                        <div class=\"gyan-post-grid-meta gyan-ease-transition\">\n        <ul><li><span class=\"gyan-love \" data-id=\"3359\"><i class=\"fas fa-heart fas-regular\"><\/i><i class=\"fas fa-heart\"><\/i><span class=\"gyan-like-number\">0<\/span><\/span><\/li><li><span class=\"gyan-postmeta-icon\"><i class=\"fas fa-eye\"><\/i><\/span><span class=\"gyan-postmeta-text\">0<\/span><\/li><li><span class=\"gyan-postmeta-icon\"><i class=\"fas fa-comment-dots\"><\/i><\/span><span class=\"gyan-postmeta-text\"><a href=\"https:\/\/terra-panonica.hr\/en\/3359\/#respond\">0<\/a><\/span><\/li><\/ul>\n    <\/div>\n    <div class=\"clear\"><\/div>                    <\/div>\n                <\/div>\n\n            \n            <div class=\"gyan-post-content-block gyan-ease-transition\">\n                <div class=\"gyan-post-title-section\">\n\n                        <div class=\"gyan-post-grid-content\">\n\n                            <div class=\"gyan-post-title\">\n                                <h2><a href=\"https:\/\/terra-panonica.hr\/en\/3359\/\">A hedonistic adventure in Golden Slavonia                                <\/a><\/h2>\n                            <\/div>\n\n                            \n                            \n                                <div class=\"gyan-post-list-excerpt\">\n                                    Psunj, Papuk, Krndija, Dilj gora and Po\u017ee\u0161ka gora surround the Po\u017ee\u0161ka basin. With its ridges and                                <\/div>\n\n                            \n                            <div class=\"gyan-post-grid-c-button gyan-ease-transition\">\n                                <a href=\"https:\/\/terra-panonica.hr\/en\/3359\/\"><span><\/span><\/a>\n                            <\/div>\n\n                                                            <div class=\"gyan-post-grid-date\">\n                                    <span>18. January 2023.<\/span>\n                                <\/div>\n                            \n                            <div class=\"clear\"><\/div>\n\n                        <\/div>\n\n                <\/div>\n                <div class=\"clear\"><\/div>\n            <\/div>\n            <div class=\"clear\"><\/div>\n        <\/div>\n\n    <\/div> <!-- gyan-post-grid-item-inner -->\n<\/div> <!-- gyan-post-grid-item -->\n\n<div class=\"clear\"><\/div>            <\/div><div class=\"clear\"><\/div>\n        <\/div>\n\n         \n        \t\t<\/div>\n\t\t\t\t<\/div>\n\t\t\t\t\t\t<\/div>\n\t\t\t\t\t<\/div>\n\t\t<\/div>\n\t\t\t\t\t\t\t\t<\/div>\n\t\t\t\t\t<\/div>\n\t\t<\/section>\n\t\t\t\t\t\t\t\t\t<\/div>\n\t\t\t<\/div>\n\t\t\t\t\t<\/div>\n\t\t","protected":false},"excerpt":{"rendered":"<p>Latest News &amp; Events 0 32 0 0 32 0 Why a visual identity system is more memorable Lorem ipsum dolor sito amet, conse ctetuer adipiscing elit sed diam nonum nibhie euisod. Facilisis at vero 23. kolovoza 2019. 2 2 0 2 2 0 Make website that surpasses amongst all [&hellip;]<\/p>\n","protected":false},"author":1,"featured_media":0,"parent":0,"menu_order":0,"comment_status":"closed","ping_status":"closed","template":"elementor_header_footer","meta":[],"_links":{"self":[{"href":"https:\/\/terra-panonica.hr\/en\/wp-json\/wp\/v2\/pages\/2464"}],"collection":[{"href":"https:\/\/terra-panonica.hr\/en\/wp-json\/wp\/v2\/pages"}],"about":[{"href":"https:\/\/terra-panonica.hr\/en\/wp-json\/wp\/v2\/types\/page"}],"author":[{"embeddable":true,"href":"https:\/\/terra-panonica.hr\/en\/wp-json\/wp\/v2\/users\/1"}],"replies":[{"embeddable":true,"href":"https:\/\/terra-panonica.hr\/en\/wp-json\/wp\/v2\/comments?post=2464"}],"version-history":[{"count":5,"href":"https:\/\/terra-panonica.hr\/en\/wp-json\/wp\/v2\/pages\/2464\/revisions"}],"predecessor-version":[{"id":2588,"href":"https:\/\/terra-panonica.hr\/en\/wp-json\/wp\/v2\/pages\/2464\/revisions\/2588"}],"wp:attachment":[{"href":"https:\/\/terra-panonica.hr\/en\/wp-json\/wp\/v2\/media?parent=2464"}],"curies":[{"name":"wp","href":"https:\/\/api.w.org\/{rel}","templated":true}]}}